{"id":8773,"date":"2020-06-19T09:35:48","date_gmt":"2020-06-19T07:35:48","guid":{"rendered":"https:\/\/abena-professional.nl\/healthcare\/?post_type=product&#038;p=8773"},"modified":"2023-02-02T15:39:53","modified_gmt":"2023-02-02T14:39:53","slug":"green-care-ecologische-toiletreiniger-met-mint-geur","status":"publish","type":"product","link":"https:\/\/abena-professional.nl\/healthcare\/product\/green-care-ecologische-toiletreiniger-met-mint-geur\/","title":{"rendered":"Green Care ecologische toiletreiniger mint"},"content":{"rendered":"<p><strong>Green Care ecologische toiletreiniger met mint geur\u00a0<\/strong><\/p>\n<p>De toiletreiniger van Green Care is een gebruiksklaar reinigingsmiddel met gebruiksvriendelijke verpakking. Na gebruik zorgt het voor een heerlijke mint geur.<\/p>\n","protected":false},"excerpt":{"rendered":"<p>Ecologische toiletreiniger met mintgeur op basis van natuurlijk citroenzuur. De toiletreiniger biedt een uitstekende reiniging en verw\u0133dert dankz\u0133 z\u0133n vloeibare en doeltreffende samenstelling moeiteloos alle vuil in urinoirs en WC\u2019s.<\/p>\n<p>De speciale fles met gebogen nek garandeert een snelle, directe, gemakkelijke en veilige toepassing. Het verwijdert onaangename geuren en laat een langdurige geur van frisse munt na.<\/p>\n<p>Het product respecteert de biologische cycli en draagt zorg voor de gezondheid en veiligheid van het schoonmaakpersoneel.<\/p>\n","protected":false},"featured_media":8987,"template":"","meta":{"_acf_changed":false},"product_brand":[],"product_cat":[2751],"product_tag":[],"class_list":{"0":"post-8773","1":"product","2":"type-product","3":"status-publish","4":"has-post-thumbnail","6":"product_cat-sanitairreiniging","8":"first","9":"instock","10":"taxable","11":"shipping-taxable","12":"product-type-simple"},"acf":[],"yoast_head":"<!-- This site is optimized with the Yoast SEO Premium plugin v27.0 (Yoast SEO v27.0) - https:\/\/yoast.com\/product\/yoast-seo-premium-wordpress\/ -->\n<title>Green Care ecologische toiletreiniger mint - ABENA Zorgprofessional Portaal<\/title>\n<meta name=\"robots\" content=\"index, follow, max-snippet:-1, max-image-preview:large, max-video-preview:-1\" \/>\n<link rel=\"canonical\" href=\"https:\/\/abena-professional.nl\/healthcare\/product\/green-care-ecologische-toiletreiniger-met-mint-geur\/\" \/>\n<meta property=\"og:locale\" content=\"nl_NL\" \/>\n<meta property=\"og:type\" content=\"article\" \/>\n<meta property=\"og:title\" content=\"Green Care ecologische toiletreiniger mint\" \/>\n<meta property=\"og:description\" content=\"Ecologische toiletreiniger met mintgeur op basis van natuurlijk citroenzuur. De toiletreiniger biedt een uitstekende reiniging en verw\u0133dert dankz\u0133 z\u0133n vloeibare en doeltreffende samenstelling moeiteloos alle vuil in urinoirs en WC\u2019s.  De speciale fles met gebogen nek garandeert een snelle, directe, gemakkelijke en veilige toepassing. Het verwijdert onaangename geuren en laat een langdurige geur van frisse munt na.  Het product respecteert de biologische cycli en draagt zorg voor de gezondheid en veiligheid van het schoonmaakpersoneel.\" \/>\n<meta property=\"og:url\" content=\"https:\/\/abena-professional.nl\/healthcare\/product\/green-care-ecologische-toiletreiniger-met-mint-geur\/\" \/>\n<meta property=\"og:site_name\" content=\"ABENA Zorgprofessional Portaal\" \/>\n<meta property=\"article:modified_time\" content=\"2023-02-02T14:39:53+00:00\" \/>\n<meta property=\"og:image\" content=\"https:\/\/abena-professional.nl\/healthcare\/wp-content\/uploads\/sites\/16\/2020\/06\/Green-Care-ecologische-toiletreiniger-mint.png\" \/>\n\t<meta property=\"og:image:width\" content=\"500\" \/>\n\t<meta property=\"og:image:height\" content=\"500\" \/>\n\t<meta property=\"og:image:type\" content=\"image\/png\" \/>\n<meta name=\"twitter:card\" content=\"summary_large_image\" \/>\n<meta name=\"twitter:label1\" content=\"Geschatte leestijd\" \/>\n\t<meta name=\"twitter:data1\" content=\"1 minuut\" \/>\n<script type=\"application\/ld+json\" class=\"yoast-schema-graph\">{\"@context\":\"https:\/\/schema.org\",\"@graph\":[{\"@type\":\"WebPage\",\"@id\":\"https:\/\/abena-professional.nl\/healthcare\/product\/green-care-ecologische-toiletreiniger-met-mint-geur\/\",\"url\":\"https:\/\/abena-professional.nl\/healthcare\/product\/green-care-ecologische-toiletreiniger-met-mint-geur\/\",\"name\":\"Green Care ecologische toiletreiniger mint - ABENA Zorgprofessional Portaal\",\"isPartOf\":{\"@id\":\"https:\/\/abena-professional.nl\/healthcare\/#website\"},\"primaryImageOfPage\":{\"@id\":\"https:\/\/abena-professional.nl\/healthcare\/product\/green-care-ecologische-toiletreiniger-met-mint-geur\/#primaryimage\"},\"image\":{\"@id\":\"https:\/\/abena-professional.nl\/healthcare\/product\/green-care-ecologische-toiletreiniger-met-mint-geur\/#primaryimage\"},\"thumbnailUrl\":\"https:\/\/abena-professional.nl\/healthcare\/wp-content\/uploads\/sites\/16\/2020\/06\/Green-Care-ecologische-toiletreiniger-mint.png\",\"datePublished\":\"2020-06-19T07:35:48+00:00\",\"dateModified\":\"2023-02-02T14:39:53+00:00\",\"breadcrumb\":{\"@id\":\"https:\/\/abena-professional.nl\/healthcare\/product\/green-care-ecologische-toiletreiniger-met-mint-geur\/#breadcrumb\"},\"inLanguage\":\"nl-NL\",\"potentialAction\":[{\"@type\":\"ReadAction\",\"target\":[\"https:\/\/abena-professional.nl\/healthcare\/product\/green-care-ecologische-toiletreiniger-met-mint-geur\/\"]}]},{\"@type\":\"ImageObject\",\"inLanguage\":\"nl-NL\",\"@id\":\"https:\/\/abena-professional.nl\/healthcare\/product\/green-care-ecologische-toiletreiniger-met-mint-geur\/#primaryimage\",\"url\":\"https:\/\/abena-professional.nl\/healthcare\/wp-content\/uploads\/sites\/16\/2020\/06\/Green-Care-ecologische-toiletreiniger-mint.png\",\"contentUrl\":\"https:\/\/abena-professional.nl\/healthcare\/wp-content\/uploads\/sites\/16\/2020\/06\/Green-Care-ecologische-toiletreiniger-mint.png\",\"width\":500,\"height\":500,\"caption\":\"Green Care ecologische toiletreiniger met frisse mintgeur\"},{\"@type\":\"BreadcrumbList\",\"@id\":\"https:\/\/abena-professional.nl\/healthcare\/product\/green-care-ecologische-toiletreiniger-met-mint-geur\/#breadcrumb\",\"itemListElement\":[{\"@type\":\"ListItem\",\"position\":1,\"name\":\"Home\",\"item\":\"https:\/\/abena-professional.nl\/healthcare\/\"},{\"@type\":\"ListItem\",\"position\":2,\"name\":\"Producten\",\"item\":\"https:\/\/abena-professional.nl\/healthcare\/producten\/\"},{\"@type\":\"ListItem\",\"position\":3,\"name\":\"Green Care ecologische toiletreiniger mint\"}]},{\"@type\":\"WebSite\",\"@id\":\"https:\/\/abena-professional.nl\/healthcare\/#website\",\"url\":\"https:\/\/abena-professional.nl\/healthcare\/\",\"name\":\"ABENA Zorgprofessional Portaal\",\"description\":\"ABENA - Zorgprofessional\",\"publisher\":{\"@id\":\"https:\/\/abena-professional.nl\/healthcare\/#organization\"},\"potentialAction\":[{\"@type\":\"SearchAction\",\"target\":{\"@type\":\"EntryPoint\",\"urlTemplate\":\"https:\/\/abena-professional.nl\/healthcare\/?s={search_term_string}\"},\"query-input\":{\"@type\":\"PropertyValueSpecification\",\"valueRequired\":true,\"valueName\":\"search_term_string\"}}],\"inLanguage\":\"nl-NL\"},{\"@type\":\"Organization\",\"@id\":\"https:\/\/abena-professional.nl\/healthcare\/#organization\",\"name\":\"ABENA Zorgprofessional Portaal\",\"url\":\"https:\/\/abena-professional.nl\/healthcare\/\",\"logo\":{\"@type\":\"ImageObject\",\"inLanguage\":\"nl-NL\",\"@id\":\"https:\/\/abena-professional.nl\/healthcare\/#\/schema\/logo\/image\/\",\"url\":\"https:\/\/abena-professional.nl\/healthcare\/wp-content\/uploads\/sites\/16\/cropped-Abena-logo-klein-200x200.png\",\"contentUrl\":\"https:\/\/abena-professional.nl\/healthcare\/wp-content\/uploads\/sites\/16\/cropped-Abena-logo-klein-200x200.png\",\"width\":200,\"height\":200,\"caption\":\"ABENA Zorgprofessional Portaal\"},\"image\":{\"@id\":\"https:\/\/abena-professional.nl\/healthcare\/#\/schema\/logo\/image\/\"}}]}<\/script>\n<!-- \/ Yoast SEO Premium plugin. -->","yoast_head_json":{"title":"Green Care ecologische toiletreiniger mint - ABENA Zorgprofessional Portaal","robots":{"index":"index","follow":"follow","max-snippet":"max-snippet:-1","max-image-preview":"max-image-preview:large","max-video-preview":"max-video-preview:-1"},"canonical":"https:\/\/abena-professional.nl\/healthcare\/product\/green-care-ecologische-toiletreiniger-met-mint-geur\/","og_locale":"nl_NL","og_type":"article","og_title":"Green Care ecologische toiletreiniger mint","og_description":"Ecologische toiletreiniger met mintgeur op basis van natuurlijk citroenzuur. De toiletreiniger biedt een uitstekende reiniging en verw\u0133dert dankz\u0133 z\u0133n vloeibare en doeltreffende samenstelling moeiteloos alle vuil in urinoirs en WC\u2019s.  De speciale fles met gebogen nek garandeert een snelle, directe, gemakkelijke en veilige toepassing. Het verwijdert onaangename geuren en laat een langdurige geur van frisse munt na.  Het product respecteert de biologische cycli en draagt zorg voor de gezondheid en veiligheid van het schoonmaakpersoneel.","og_url":"https:\/\/abena-professional.nl\/healthcare\/product\/green-care-ecologische-toiletreiniger-met-mint-geur\/","og_site_name":"ABENA Zorgprofessional Portaal","article_modified_time":"2023-02-02T14:39:53+00:00","og_image":[{"width":500,"height":500,"url":"https:\/\/abena-professional.nl\/healthcare\/wp-content\/uploads\/sites\/16\/2020\/06\/Green-Care-ecologische-toiletreiniger-mint.png","type":"image\/png"}],"twitter_card":"summary_large_image","twitter_misc":{"Geschatte leestijd":"1 minuut"},"schema":{"@context":"https:\/\/schema.org","@graph":[{"@type":"WebPage","@id":"https:\/\/abena-professional.nl\/healthcare\/product\/green-care-ecologische-toiletreiniger-met-mint-geur\/","url":"https:\/\/abena-professional.nl\/healthcare\/product\/green-care-ecologische-toiletreiniger-met-mint-geur\/","name":"Green Care ecologische toiletreiniger mint - ABENA Zorgprofessional Portaal","isPartOf":{"@id":"https:\/\/abena-professional.nl\/healthcare\/#website"},"primaryImageOfPage":{"@id":"https:\/\/abena-professional.nl\/healthcare\/product\/green-care-ecologische-toiletreiniger-met-mint-geur\/#primaryimage"},"image":{"@id":"https:\/\/abena-professional.nl\/healthcare\/product\/green-care-ecologische-toiletreiniger-met-mint-geur\/#primaryimage"},"thumbnailUrl":"https:\/\/abena-professional.nl\/healthcare\/wp-content\/uploads\/sites\/16\/2020\/06\/Green-Care-ecologische-toiletreiniger-mint.png","datePublished":"2020-06-19T07:35:48+00:00","dateModified":"2023-02-02T14:39:53+00:00","breadcrumb":{"@id":"https:\/\/abena-professional.nl\/healthcare\/product\/green-care-ecologische-toiletreiniger-met-mint-geur\/#breadcrumb"},"inLanguage":"nl-NL","potentialAction":[{"@type":"ReadAction","target":["https:\/\/abena-professional.nl\/healthcare\/product\/green-care-ecologische-toiletreiniger-met-mint-geur\/"]}]},{"@type":"ImageObject","inLanguage":"nl-NL","@id":"https:\/\/abena-professional.nl\/healthcare\/product\/green-care-ecologische-toiletreiniger-met-mint-geur\/#primaryimage","url":"https:\/\/abena-professional.nl\/healthcare\/wp-content\/uploads\/sites\/16\/2020\/06\/Green-Care-ecologische-toiletreiniger-mint.png","contentUrl":"https:\/\/abena-professional.nl\/healthcare\/wp-content\/uploads\/sites\/16\/2020\/06\/Green-Care-ecologische-toiletreiniger-mint.png","width":500,"height":500,"caption":"Green Care ecologische toiletreiniger met frisse mintgeur"},{"@type":"BreadcrumbList","@id":"https:\/\/abena-professional.nl\/healthcare\/product\/green-care-ecologische-toiletreiniger-met-mint-geur\/#breadcrumb","itemListElement":[{"@type":"ListItem","position":1,"name":"Home","item":"https:\/\/abena-professional.nl\/healthcare\/"},{"@type":"ListItem","position":2,"name":"Producten","item":"https:\/\/abena-professional.nl\/healthcare\/producten\/"},{"@type":"ListItem","position":3,"name":"Green Care ecologische toiletreiniger mint"}]},{"@type":"WebSite","@id":"https:\/\/abena-professional.nl\/healthcare\/#website","url":"https:\/\/abena-professional.nl\/healthcare\/","name":"ABENA Zorgprofessional Portaal","description":"ABENA - Zorgprofessional","publisher":{"@id":"https:\/\/abena-professional.nl\/healthcare\/#organization"},"potentialAction":[{"@type":"SearchAction","target":{"@type":"EntryPoint","urlTemplate":"https:\/\/abena-professional.nl\/healthcare\/?s={search_term_string}"},"query-input":{"@type":"PropertyValueSpecification","valueRequired":true,"valueName":"search_term_string"}}],"inLanguage":"nl-NL"},{"@type":"Organization","@id":"https:\/\/abena-professional.nl\/healthcare\/#organization","name":"ABENA Zorgprofessional Portaal","url":"https:\/\/abena-professional.nl\/healthcare\/","logo":{"@type":"ImageObject","inLanguage":"nl-NL","@id":"https:\/\/abena-professional.nl\/healthcare\/#\/schema\/logo\/image\/","url":"https:\/\/abena-professional.nl\/healthcare\/wp-content\/uploads\/sites\/16\/cropped-Abena-logo-klein-200x200.png","contentUrl":"https:\/\/abena-professional.nl\/healthcare\/wp-content\/uploads\/sites\/16\/cropped-Abena-logo-klein-200x200.png","width":200,"height":200,"caption":"ABENA Zorgprofessional Portaal"},"image":{"@id":"https:\/\/abena-professional.nl\/healthcare\/#\/schema\/logo\/image\/"}}]}},"_links":{"self":[{"href":"https:\/\/abena-professional.nl\/healthcare\/wp-json\/wp\/v2\/product\/8773","targetHints":{"allow":["GET"]}}],"collection":[{"href":"https:\/\/abena-professional.nl\/healthcare\/wp-json\/wp\/v2\/product"}],"about":[{"href":"https:\/\/abena-professional.nl\/healthcare\/wp-json\/wp\/v2\/types\/product"}],"wp:featuredmedia":[{"embeddable":true,"href":"https:\/\/abena-professional.nl\/healthcare\/wp-json\/wp\/v2\/media\/8987"}],"wp:attachment":[{"href":"https:\/\/abena-professional.nl\/healthcare\/wp-json\/wp\/v2\/media?parent=8773"}],"wp:term":[{"taxonomy":"product_brand","embeddable":true,"href":"https:\/\/abena-professional.nl\/healthcare\/wp-json\/wp\/v2\/product_brand?post=8773"},{"taxonomy":"product_cat","embeddable":true,"href":"https:\/\/abena-professional.nl\/healthcare\/wp-json\/wp\/v2\/product_cat?post=8773"},{"taxonomy":"product_tag","embeddable":true,"href":"https:\/\/abena-professional.nl\/healthcare\/wp-json\/wp\/v2\/product_tag?post=8773"}],"curies":[{"name":"wp","href":"https:\/\/api.w.org\/{rel}","templated":true}]}}