{"id":3027,"date":"2020-02-03T11:36:28","date_gmt":"2020-02-03T10:36:28","guid":{"rendered":"https:\/\/abena-professional.nl\/healthcare\/?post_type=product&#038;p=3027"},"modified":"2023-11-02T15:18:41","modified_gmt":"2023-11-02T14:18:41","slug":"handcreme","status":"publish","type":"product","link":"https:\/\/abena-professional.nl\/healthcare\/product\/handcreme\/","title":{"rendered":"Handcr\u00e8me"},"content":{"rendered":"<p><strong><span dir=\"ltr\" role=\"presentation\">Hand cream handcr\u00e8me<\/span><\/strong><br role=\"presentation\" \/><span dir=\"ltr\" role=\"presentation\">Hydraterende en beschermende handcr\u00e8me voor dagelijks\u00a0<\/span><span dir=\"ltr\" role=\"presentation\">gebruik. Aanbevolen bij droge handen of kloven. Trekt snel in\u00a0<\/span><span dir=\"ltr\" role=\"presentation\">en plakt niet.<\/span><\/p>\n","protected":false},"excerpt":{"rendered":"<p>Hand cream handcr\u00e8meHydraterende en beschermende handcr\u00e8me voor dagelijks\u00a0gebruik. Aanbevolen bij droge handen of kloven. Trekt snel in\u00a0en plakt niet.<\/p>\n","protected":false},"featured_media":37146,"template":"","meta":{"_acf_changed":false},"product_brand":[],"product_cat":[247],"product_tag":[],"class_list":{"0":"post-3027","1":"product","2":"type-product","3":"status-publish","4":"has-post-thumbnail","6":"product_cat-huidhydratatie","8":"first","9":"instock","10":"taxable","11":"shipping-taxable","12":"purchasable","13":"product-type-simple"},"acf":[],"yoast_head":"<!-- This site is optimized with the Yoast SEO Premium plugin v27.0 (Yoast SEO v27.0) - https:\/\/yoast.com\/product\/yoast-seo-premium-wordpress\/ -->\n<title>Handcr\u00e8me - ABENA Zorgprofessional Portaal<\/title>\n<meta name=\"description\" content=\"Verzorgende en hydraterende handcr\u00e8me voor dagelijks gebruik. Trekt snel in en voelt niet vet aan. Abena handcr\u00e8me.\" \/>\n<meta name=\"robots\" content=\"index, follow, max-snippet:-1, max-image-preview:large, max-video-preview:-1\" \/>\n<link rel=\"canonical\" href=\"https:\/\/www.abena.nl\/product\/handcreme\/\" \/>\n<meta property=\"og:locale\" content=\"nl_NL\" \/>\n<meta property=\"og:type\" content=\"article\" \/>\n<meta property=\"og:title\" content=\"Handcr\u00e8me\" \/>\n<meta property=\"og:description\" content=\"Verzorgende en hydraterende handcr\u00e8me voor dagelijks gebruik. Trekt snel in en voelt niet vet aan. Abena handcr\u00e8me.\" \/>\n<meta property=\"og:url\" content=\"https:\/\/www.abena.nl\/product\/handcreme\/\" \/>\n<meta property=\"og:site_name\" content=\"ABENA Zorgprofessional Portaal\" \/>\n<meta property=\"article:modified_time\" content=\"2023-11-02T14:18:41+00:00\" \/>\n<meta property=\"og:image\" content=\"https:\/\/abena-professional.nl\/healthcare\/wp-content\/uploads\/sites\/16\/2020\/02\/Abena-Handcreme-ongeparfumeerd-75ml-en-500ml.webp\" \/>\n\t<meta property=\"og:image:width\" content=\"1000\" \/>\n\t<meta property=\"og:image:height\" content=\"1000\" \/>\n\t<meta property=\"og:image:type\" content=\"image\/webp\" \/>\n<meta name=\"twitter:card\" content=\"summary_large_image\" \/>\n<meta name=\"twitter:label1\" content=\"Geschatte leestijd\" \/>\n\t<meta name=\"twitter:data1\" content=\"1 minuut\" \/>\n<script type=\"application\/ld+json\" class=\"yoast-schema-graph\">{\"@context\":\"https:\/\/schema.org\",\"@graph\":[{\"@type\":\"WebPage\",\"@id\":\"https:\/\/abena-professional.nl\/healthcare\/product\/handcreme\/\",\"url\":\"https:\/\/www.abena.nl\/product\/handcreme\/\",\"name\":\"Handcr\u00e8me - ABENA Zorgprofessional Portaal\",\"isPartOf\":{\"@id\":\"https:\/\/abena-professional.nl\/healthcare\/#website\"},\"primaryImageOfPage\":{\"@id\":\"https:\/\/www.abena.nl\/product\/handcreme\/#primaryimage\"},\"image\":{\"@id\":\"https:\/\/www.abena.nl\/product\/handcreme\/#primaryimage\"},\"thumbnailUrl\":\"https:\/\/abena-professional.nl\/healthcare\/wp-content\/uploads\/sites\/16\/2020\/02\/Abena-Handcreme-ongeparfumeerd-75ml-en-500ml.webp\",\"datePublished\":\"2020-02-03T10:36:28+00:00\",\"dateModified\":\"2023-11-02T14:18:41+00:00\",\"description\":\"Verzorgende en hydraterende handcr\u00e8me voor dagelijks gebruik. Trekt snel in en voelt niet vet aan. Abena handcr\u00e8me.\",\"breadcrumb\":{\"@id\":\"https:\/\/www.abena.nl\/product\/handcreme\/#breadcrumb\"},\"inLanguage\":\"nl-NL\",\"potentialAction\":[{\"@type\":\"ReadAction\",\"target\":[\"https:\/\/www.abena.nl\/product\/handcreme\/\"]}]},{\"@type\":\"ImageObject\",\"inLanguage\":\"nl-NL\",\"@id\":\"https:\/\/www.abena.nl\/product\/handcreme\/#primaryimage\",\"url\":\"https:\/\/abena-professional.nl\/healthcare\/wp-content\/uploads\/sites\/16\/2020\/02\/Abena-Handcreme-ongeparfumeerd-75ml-en-500ml.webp\",\"contentUrl\":\"https:\/\/abena-professional.nl\/healthcare\/wp-content\/uploads\/sites\/16\/2020\/02\/Abena-Handcreme-ongeparfumeerd-75ml-en-500ml.webp\",\"width\":1000,\"height\":1000,\"caption\":\"Abena handcr\u00e8me ongeparfumeerd voor dagelijks gebruik\"},{\"@type\":\"BreadcrumbList\",\"@id\":\"https:\/\/www.abena.nl\/product\/handcreme\/#breadcrumb\",\"itemListElement\":[{\"@type\":\"ListItem\",\"position\":1,\"name\":\"Home\",\"item\":\"https:\/\/abena-professional.nl\/healthcare\/\"},{\"@type\":\"ListItem\",\"position\":2,\"name\":\"Producten\",\"item\":\"https:\/\/abena-professional.nl\/healthcare\/producten\/\"},{\"@type\":\"ListItem\",\"position\":3,\"name\":\"Handcr\u00e8me\"}]},{\"@type\":\"WebSite\",\"@id\":\"https:\/\/abena-professional.nl\/healthcare\/#website\",\"url\":\"https:\/\/abena-professional.nl\/healthcare\/\",\"name\":\"ABENA Zorgprofessional Portaal\",\"description\":\"ABENA - Zorgprofessional\",\"publisher\":{\"@id\":\"https:\/\/abena-professional.nl\/healthcare\/#organization\"},\"potentialAction\":[{\"@type\":\"SearchAction\",\"target\":{\"@type\":\"EntryPoint\",\"urlTemplate\":\"https:\/\/abena-professional.nl\/healthcare\/?s={search_term_string}\"},\"query-input\":{\"@type\":\"PropertyValueSpecification\",\"valueRequired\":true,\"valueName\":\"search_term_string\"}}],\"inLanguage\":\"nl-NL\"},{\"@type\":\"Organization\",\"@id\":\"https:\/\/abena-professional.nl\/healthcare\/#organization\",\"name\":\"ABENA Zorgprofessional Portaal\",\"url\":\"https:\/\/abena-professional.nl\/healthcare\/\",\"logo\":{\"@type\":\"ImageObject\",\"inLanguage\":\"nl-NL\",\"@id\":\"https:\/\/abena-professional.nl\/healthcare\/#\/schema\/logo\/image\/\",\"url\":\"https:\/\/abena-professional.nl\/healthcare\/wp-content\/uploads\/sites\/16\/cropped-Abena-logo-klein-200x200.png\",\"contentUrl\":\"https:\/\/abena-professional.nl\/healthcare\/wp-content\/uploads\/sites\/16\/cropped-Abena-logo-klein-200x200.png\",\"width\":200,\"height\":200,\"caption\":\"ABENA Zorgprofessional Portaal\"},\"image\":{\"@id\":\"https:\/\/abena-professional.nl\/healthcare\/#\/schema\/logo\/image\/\"}}]}<\/script>\n<!-- \/ Yoast SEO Premium plugin. -->","yoast_head_json":{"title":"Handcr\u00e8me - ABENA Zorgprofessional Portaal","description":"Verzorgende en hydraterende handcr\u00e8me voor dagelijks gebruik. Trekt snel in en voelt niet vet aan. Abena handcr\u00e8me.","robots":{"index":"index","follow":"follow","max-snippet":"max-snippet:-1","max-image-preview":"max-image-preview:large","max-video-preview":"max-video-preview:-1"},"canonical":"https:\/\/www.abena.nl\/product\/handcreme\/","og_locale":"nl_NL","og_type":"article","og_title":"Handcr\u00e8me","og_description":"Verzorgende en hydraterende handcr\u00e8me voor dagelijks gebruik. Trekt snel in en voelt niet vet aan. Abena handcr\u00e8me.","og_url":"https:\/\/www.abena.nl\/product\/handcreme\/","og_site_name":"ABENA Zorgprofessional Portaal","article_modified_time":"2023-11-02T14:18:41+00:00","og_image":[{"width":1000,"height":1000,"url":"https:\/\/abena-professional.nl\/healthcare\/wp-content\/uploads\/sites\/16\/2020\/02\/Abena-Handcreme-ongeparfumeerd-75ml-en-500ml.webp","type":"image\/webp"}],"twitter_card":"summary_large_image","twitter_misc":{"Geschatte leestijd":"1 minuut"},"schema":{"@context":"https:\/\/schema.org","@graph":[{"@type":"WebPage","@id":"https:\/\/abena-professional.nl\/healthcare\/product\/handcreme\/","url":"https:\/\/www.abena.nl\/product\/handcreme\/","name":"Handcr\u00e8me - ABENA Zorgprofessional Portaal","isPartOf":{"@id":"https:\/\/abena-professional.nl\/healthcare\/#website"},"primaryImageOfPage":{"@id":"https:\/\/www.abena.nl\/product\/handcreme\/#primaryimage"},"image":{"@id":"https:\/\/www.abena.nl\/product\/handcreme\/#primaryimage"},"thumbnailUrl":"https:\/\/abena-professional.nl\/healthcare\/wp-content\/uploads\/sites\/16\/2020\/02\/Abena-Handcreme-ongeparfumeerd-75ml-en-500ml.webp","datePublished":"2020-02-03T10:36:28+00:00","dateModified":"2023-11-02T14:18:41+00:00","description":"Verzorgende en hydraterende handcr\u00e8me voor dagelijks gebruik. Trekt snel in en voelt niet vet aan. Abena handcr\u00e8me.","breadcrumb":{"@id":"https:\/\/www.abena.nl\/product\/handcreme\/#breadcrumb"},"inLanguage":"nl-NL","potentialAction":[{"@type":"ReadAction","target":["https:\/\/www.abena.nl\/product\/handcreme\/"]}]},{"@type":"ImageObject","inLanguage":"nl-NL","@id":"https:\/\/www.abena.nl\/product\/handcreme\/#primaryimage","url":"https:\/\/abena-professional.nl\/healthcare\/wp-content\/uploads\/sites\/16\/2020\/02\/Abena-Handcreme-ongeparfumeerd-75ml-en-500ml.webp","contentUrl":"https:\/\/abena-professional.nl\/healthcare\/wp-content\/uploads\/sites\/16\/2020\/02\/Abena-Handcreme-ongeparfumeerd-75ml-en-500ml.webp","width":1000,"height":1000,"caption":"Abena handcr\u00e8me ongeparfumeerd voor dagelijks gebruik"},{"@type":"BreadcrumbList","@id":"https:\/\/www.abena.nl\/product\/handcreme\/#breadcrumb","itemListElement":[{"@type":"ListItem","position":1,"name":"Home","item":"https:\/\/abena-professional.nl\/healthcare\/"},{"@type":"ListItem","position":2,"name":"Producten","item":"https:\/\/abena-professional.nl\/healthcare\/producten\/"},{"@type":"ListItem","position":3,"name":"Handcr\u00e8me"}]},{"@type":"WebSite","@id":"https:\/\/abena-professional.nl\/healthcare\/#website","url":"https:\/\/abena-professional.nl\/healthcare\/","name":"ABENA Zorgprofessional Portaal","description":"ABENA - Zorgprofessional","publisher":{"@id":"https:\/\/abena-professional.nl\/healthcare\/#organization"},"potentialAction":[{"@type":"SearchAction","target":{"@type":"EntryPoint","urlTemplate":"https:\/\/abena-professional.nl\/healthcare\/?s={search_term_string}"},"query-input":{"@type":"PropertyValueSpecification","valueRequired":true,"valueName":"search_term_string"}}],"inLanguage":"nl-NL"},{"@type":"Organization","@id":"https:\/\/abena-professional.nl\/healthcare\/#organization","name":"ABENA Zorgprofessional Portaal","url":"https:\/\/abena-professional.nl\/healthcare\/","logo":{"@type":"ImageObject","inLanguage":"nl-NL","@id":"https:\/\/abena-professional.nl\/healthcare\/#\/schema\/logo\/image\/","url":"https:\/\/abena-professional.nl\/healthcare\/wp-content\/uploads\/sites\/16\/cropped-Abena-logo-klein-200x200.png","contentUrl":"https:\/\/abena-professional.nl\/healthcare\/wp-content\/uploads\/sites\/16\/cropped-Abena-logo-klein-200x200.png","width":200,"height":200,"caption":"ABENA Zorgprofessional Portaal"},"image":{"@id":"https:\/\/abena-professional.nl\/healthcare\/#\/schema\/logo\/image\/"}}]}},"_links":{"self":[{"href":"https:\/\/abena-professional.nl\/healthcare\/wp-json\/wp\/v2\/product\/3027","targetHints":{"allow":["GET"]}}],"collection":[{"href":"https:\/\/abena-professional.nl\/healthcare\/wp-json\/wp\/v2\/product"}],"about":[{"href":"https:\/\/abena-professional.nl\/healthcare\/wp-json\/wp\/v2\/types\/product"}],"wp:featuredmedia":[{"embeddable":true,"href":"https:\/\/abena-professional.nl\/healthcare\/wp-json\/wp\/v2\/media\/37146"}],"wp:attachment":[{"href":"https:\/\/abena-professional.nl\/healthcare\/wp-json\/wp\/v2\/media?parent=3027"}],"wp:term":[{"taxonomy":"product_brand","embeddable":true,"href":"https:\/\/abena-professional.nl\/healthcare\/wp-json\/wp\/v2\/product_brand?post=3027"},{"taxonomy":"product_cat","embeddable":true,"href":"https:\/\/abena-professional.nl\/healthcare\/wp-json\/wp\/v2\/product_cat?post=3027"},{"taxonomy":"product_tag","embeddable":true,"href":"https:\/\/abena-professional.nl\/healthcare\/wp-json\/wp\/v2\/product_tag?post=3027"}],"curies":[{"name":"wp","href":"https:\/\/api.w.org\/{rel}","templated":true}]}}